{"id":734,"date":"2024-08-02T12:31:49","date_gmt":"2024-08-02T10:31:49","guid":{"rendered":"https:\/\/cadaquesdivers.com\/?page_id=734"},"modified":"2024-08-21T16:56:06","modified_gmt":"2024-08-21T14:56:06","slug":"734-2","status":"publish","type":"page","link":"https:\/\/cadaquesdivers.com\/fr\/734-2\/","title":{"rendered":"Servicios de Cadaqu\u00e9s Divers"},"content":{"rendered":"[et_pb_section fb_built=\u00bb1&#8243; admin_label=\u00bbPrograms\u00bb _builder_version=\u00bb4.25.1&#8243; _module_preset=\u00bb27464058-eefc-4248-a516-2df42878d8be\u00bb collapsed=\u00bbon\u00bb theme_builder_area=\u00bbpost_content\u00bb][et_pb_row _builder_version=\u00bb4.25.1&#8243; _module_preset=\u00bbdefault\u00bb hover_enabled=\u00bb0&#8243; global_colors_info=\u00bb{}\u00bb theme_builder_area=\u00bbpost_content\u00bb sticky_enabled=\u00bb0&#8243;][et_pb_column type=\u00bb4_4&#8243; _builder_version=\u00bb4.25.1&#8243; _module_preset=\u00bbdefault\u00bb global_colors_info=\u00bb{}\u00bb theme_builder_area=\u00bbpost_content\u00bb][et_pb_heading title=\u00bbDiving\u00bb _builder_version=\u00bb4.25.1&#8243; _module_preset=\u00bbc0aa2692-a4bf-4a25-80ac-0710e2e017f4&#8243; title_text_color=\u00bbgcid-1f1b4e15-7cc6-4e13-8154-74d77a956460&#8243; custom_margin=\u00bb||0px||false|false\u00bb hover_enabled=\u00bb0&#8243; global_colors_info=\u00bb{%22gcid-1f1b4e15-7cc6-4e13-8154-74d77a956460%22:%91%22title_text_color%22%93}\u00bb theme_builder_area=\u00bbpost_content\u00bb sticky_enabled=\u00bb0&#8243;][\/et_pb_heading][et_pb_heading title=\u00bbServicios de Buceo en Cadaqu\u00e9s Divers\u00bb _builder_version=\u00bb4.25.1&#8243; _module_preset=\u00bbcd843d45-4b93-4195-b5ae-b31276376ac0&#8243; hover_enabled=\u00bb0&#8243; global_colors_info=\u00bb{}\u00bb theme_builder_area=\u00bbpost_content\u00bb sticky_enabled=\u00bb0&#8243;][\/et_pb_heading][\/et_pb_column][\/et_pb_row][et_pb_row column_structure=\u00bb1_3,1_3,1_3&#8243; _builder_version=\u00bb4.25.1&#8243; _module_preset=\u00bbdefault\u00bb global_colors_info=\u00bb{}\u00bb theme_builder_area=\u00bbpost_content\u00bb][et_pb_column type=\u00bb1_3&#8243; _builder_version=\u00bb4.25.1&#8243; _module_preset=\u00bbdefault\u00bb global_colors_info=\u00bb{}\u00bb theme_builder_area=\u00bbpost_content\u00bb][et_pb_image src=\u00bbhttp:\/\/cadaquesdivers.com\/wp-content\/uploads\/2024\/08\/non-profit-08.jpg\u00bb title_text=\u00bbnon-profit-08&#8243; _builder_version=\u00bb4.25.2&#8243; _module_preset=\u00bbd0f400b9-98f2-4f11-a4b7-8d65d9ec4e1a\u00bb custom_margin=\u00bb||||false|false\u00bb global_colors_info=\u00bb{}\u00bb theme_builder_area=\u00bbpost_content\u00bb][\/et_pb_image][et_pb_heading title=\u00bbInmersi\u00f3n sin equipo\u00bb _builder_version=\u00bb4.25.1&#8243; _module_preset=\u00bbd3d0c7a7-ddc5-440d-9636-79680684bb9e\u00bb custom_margin=\u00bb||0px||false|false\u00bb hover_enabled=\u00bb0&#8243; global_colors_info=\u00bb{}\u00bb theme_builder_area=\u00bbpost_content\u00bb sticky_enabled=\u00bb0&#8243;][\/et_pb_heading][et_pb_text _builder_version=\u00bb4.25.1&#8243; _module_preset=\u00bb8584bc3f-ab01-4510-ba62-f22b423aa88e\u00bb custom_margin=\u00bb||10px||false|false\u00bb global_colors_info=\u00bb{}\u00bb theme_builder_area=\u00bbpost_content\u00bb]<p>Notre solution offre un large \u00e9ventail d'outils, de caract\u00e9ristiques et de fonctionnalit\u00e9s pour aider votre organisation de vente.<\/p>[\/et_pb_text][et_pb_heading title=\u00bb60\u20ac\u00bb _builder_version=\u00bb4.25.1&#8243; _module_preset=\u00bbc0aa2692-a4bf-4a25-80ac-0710e2e017f4&#8243; title_text_color=\u00bbgcid-1f1b4e15-7cc6-4e13-8154-74d77a956460&#8243; hover_enabled=\u00bb0&#8243; global_colors_info=\u00bb{%22gcid-1f1b4e15-7cc6-4e13-8154-74d77a956460%22:%91%22title_text_color%22%93}\u00bb theme_builder_area=\u00bbpost_content\u00bb sticky_enabled=\u00bb0&#8243; module_alignment=\u00bbcenter\u00bb][\/et_pb_heading][et_pb_button button_text=\u00bbreservar\u00bb _builder_version=\u00bb4.25.1&#8243; _module_preset=\u00bb003e3c38-95db-45c6-9615-dc530f2d1deb\u00bb hover_enabled=\u00bb0&#8243; global_colors_info=\u00bb{}\u00bb theme_builder_area=\u00bbpost_content\u00bb sticky_enabled=\u00bb0&#8243;][\/et_pb_button][\/et_pb_column][et_pb_column type=\u00bb1_3&#8243; _builder_version=\u00bb4.25.1&#8243; _module_preset=\u00bbdefault\u00bb global_colors_info=\u00bb{}\u00bb theme_builder_area=\u00bbpost_content\u00bb][et_pb_image src=\u00bbhttp:\/\/cadaquesdivers.com\/wp-content\/uploads\/2024\/08\/non-profit-07.jpg\u00bb title_text=\u00bbnon-profit-07&#8243; _builder_version=\u00bb4.25.2&#8243; _module_preset=\u00bbd0f400b9-98f2-4f11-a4b7-8d65d9ec4e1a\u00bb custom_margin=\u00bb||||false|false\u00bb global_colors_info=\u00bb{}\u00bb theme_builder_area=\u00bbpost_content\u00bb][\/et_pb_image][et_pb_heading title=\u00bbInmersi\u00f3n con equipo\u00bb _builder_version=\u00bb4.25.1&#8243; _module_preset=\u00bbd3d0c7a7-ddc5-440d-9636-79680684bb9e\u00bb custom_margin=\u00bb||0px||false|false\u00bb hover_enabled=\u00bb0&#8243; global_colors_info=\u00bb{}\u00bb theme_builder_area=\u00bbpost_content\u00bb sticky_enabled=\u00bb0&#8243;][\/et_pb_heading][et_pb_text _builder_version=\u00bb4.25.1&#8243; _module_preset=\u00bb8584bc3f-ab01-4510-ba62-f22b423aa88e\u00bb custom_margin=\u00bb||10px||false|false\u00bb global_colors_info=\u00bb{}\u00bb theme_builder_area=\u00bbpost_content\u00bb]<p>Notre solution offre un large \u00e9ventail d'outils, de caract\u00e9ristiques et de fonctionnalit\u00e9s pour aider votre organisation de vente.<\/p>[\/et_pb_text][et_pb_heading title=\u00bb40\u20ac\u00bb _builder_version=\u00bb4.25.1&#8243; _module_preset=\u00bbc0aa2692-a4bf-4a25-80ac-0710e2e017f4&#8243; title_text_color=\u00bbgcid-1f1b4e15-7cc6-4e13-8154-74d77a956460&#8243; hover_enabled=\u00bb0&#8243; locked=\u00bboff\u00bb global_colors_info=\u00bb{%22gcid-1f1b4e15-7cc6-4e13-8154-74d77a956460%22:%91%22title_text_color%22%93}\u00bb theme_builder_area=\u00bbpost_content\u00bb sticky_enabled=\u00bb0&#8243;][\/et_pb_heading][et_pb_button button_text=\u00bbReservar\u00bb _builder_version=\u00bb4.25.1&#8243; _module_preset=\u00bb003e3c38-95db-45c6-9615-dc530f2d1deb\u00bb hover_enabled=\u00bb0&#8243; global_colors_info=\u00bb{}\u00bb theme_builder_area=\u00bbpost_content\u00bb sticky_enabled=\u00bb0&#8243;][\/et_pb_button][\/et_pb_column][et_pb_column type=\u00bb1_3&#8243; _builder_version=\u00bb4.25.1&#8243; _module_preset=\u00bbdefault\u00bb global_colors_info=\u00bb{}\u00bb theme_builder_area=\u00bbpost_content\u00bb][et_pb_image src=\u00bbhttp:\/\/cadaquesdivers.com\/wp-content\/uploads\/2024\/08\/non-profit-06.jpg\u00bb title_text=\u00bbnon-profit-06&#8243; _builder_version=\u00bb4.25.2&#8243; _module_preset=\u00bbd0f400b9-98f2-4f11-a4b7-8d65d9ec4e1a\u00bb custom_margin=\u00bb||||false|false\u00bb global_colors_info=\u00bb{}\u00bb theme_builder_area=\u00bbpost_content\u00bb][\/et_pb_image][et_pb_heading title=\u00bbBautizo\u00bb _builder_version=\u00bb4.25.1&#8243; _module_preset=\u00bbd3d0c7a7-ddc5-440d-9636-79680684bb9e\u00bb custom_margin=\u00bb||0px||false|false\u00bb hover_enabled=\u00bb0&#8243; global_colors_info=\u00bb{}\u00bb theme_builder_area=\u00bbpost_content\u00bb sticky_enabled=\u00bb0&#8243;][\/et_pb_heading][et_pb_text _builder_version=\u00bb4.25.1&#8243; _module_preset=\u00bb8584bc3f-ab01-4510-ba62-f22b423aa88e\u00bb custom_margin=\u00bb||10px||false|false\u00bb global_colors_info=\u00bb{}\u00bb theme_builder_area=\u00bbpost_content\u00bb]<p>Notre solution offre un large \u00e9ventail d'outils, de caract\u00e9ristiques et de fonctionnalit\u00e9s pour aider votre organisation de vente.<\/p>[\/et_pb_text][et_pb_heading title=\u00bb75\u20ac\u00bb _builder_version=\u00bb4.25.1&#8243; _module_preset=\u00bbc0aa2692-a4bf-4a25-80ac-0710e2e017f4&#8243; title_text_color=\u00bbgcid-1f1b4e15-7cc6-4e13-8154-74d77a956460&#8243; hover_enabled=\u00bb0&#8243; locked=\u00bboff\u00bb global_colors_info=\u00bb{%22gcid-1f1b4e15-7cc6-4e13-8154-74d77a956460%22:%91%22title_text_color%22%93}\u00bb theme_builder_area=\u00bbpost_content\u00bb sticky_enabled=\u00bb0&#8243;][\/et_pb_heading][et_pb_button button_text=\u00bbReservar\u00bb _builder_version=\u00bb4.25.1&#8243; _module_preset=\u00bb003e3c38-95db-45c6-9615-dc530f2d1deb\u00bb hover_enabled=\u00bb0&#8243; global_colors_info=\u00bb{}\u00bb theme_builder_area=\u00bbpost_content\u00bb sticky_enabled=\u00bb0&#8243;][\/et_pb_button][\/et_pb_column][\/et_pb_row][\/et_pb_section][et_pb_section fb_built=\u00bb1&#8243; admin_label=\u00bbStats\u00bb _builder_version=\u00bb4.25.2&#8243; _module_preset=\u00bb71036ea6-bab6-4f74-b91b-014baf2436b7&#8243; collapsed=\u00bbon\u00bb global_colors_info=\u00bb{}\u00bb theme_builder_area=\u00bbpost_content\u00bb][et_pb_row _builder_version=\u00bb4.25.1&#8243; _module_preset=\u00bbdefault\u00bb global_colors_info=\u00bb{}\u00bb theme_builder_area=\u00bbpost_content\u00bb][et_pb_column type=\u00bb4_4&#8243; _builder_version=\u00bb4.25.1&#8243; _module_preset=\u00bbdefault\u00bb global_colors_info=\u00bb{}\u00bb theme_builder_area=\u00bbpost_content\u00bb][et_pb_heading title=\u00bbOceanic Scale\u00bb _builder_version=\u00bb4.25.1&#8243; _module_preset=\u00bbc0aa2692-a4bf-4a25-80ac-0710e2e017f4&#8243; title_text_align=\u00bbcenter\u00bb title_text_color=\u00bbgcid-4c79ba3d-a281-4fb6-9b14-02f9a4c793f2&#8243; custom_margin=\u00bb||0px||false|false\u00bb global_colors_info=\u00bb{%22gcid-4c79ba3d-a281-4fb6-9b14-02f9a4c793f2%22:%91%22title_text_color%22%93}\u00bb theme_builder_area=\u00bbpost_content\u00bb][\/et_pb_heading][et_pb_heading title=\u00bbCursos de Buceo\u00bb _builder_version=\u00bb4.25.1&#8243; _module_preset=\u00bbcd843d45-4b93-4195-b5ae-b31276376ac0&#8243; title_text_align=\u00bbcenter\u00bb title_text_color=\u00bb#FFFFFF\u00bb global_colors_info=\u00bb{}\u00bb theme_builder_area=\u00bbpost_content\u00bb][\/et_pb_heading][\/et_pb_column][\/et_pb_row][et_pb_row column_structure=\u00bb1_3,1_3,1_3&#8243; _builder_version=\u00bb4.25.1&#8243; _module_preset=\u00bbdefault\u00bb global_colors_info=\u00bb{}\u00bb theme_builder_area=\u00bbpost_content\u00bb][et_pb_column type=\u00bb1_3&#8243; _builder_version=\u00bb4.25.1&#8243; _module_preset=\u00bbdefault\u00bb global_colors_info=\u00bb{}\u00bb theme_builder_area=\u00bbpost_content\u00bb][et_pb_number_counter number=\u00bb70&#8243; _builder_version=\u00bb4.25.1&#8243; _module_preset=\u00bb6599140f-2c69-4d5a-8e86-8935367a5df9&#8243; number_text_color=\u00bbgcid-1f1b4e15-7cc6-4e13-8154-74d77a956460&#8243; hover_enabled=\u00bb0&#8243; locked=\u00bboff\u00bb global_colors_info=\u00bb{%22gcid-1f1b4e15-7cc6-4e13-8154-74d77a956460%22:%91%22quote_border_color%22,%22link_text_color%22,%22quote_text_color%22,%22number_text_color%22%93,%22gcid-d7cd5a78-aaef-4f36-82a3-4d3706015cba%22:%91%22link_text_color%22%93}\u00bb theme_builder_area=\u00bbpost_content\u00bb sticky_enabled=\u00bb0&#8243;][\/et_pb_number_counter][et_pb_image src=\u00bbhttp:\/\/cadaquesdivers.com\/wp-content\/uploads\/2024\/08\/non-profit-13.png\u00bb title_text=\u00bbnon-profit-13&#8243; align=\u00bbcenter\u00bb _builder_version=\u00bb4.25.2&#8243; _module_preset=\u00bbdefault\u00bb max_width=\u00bb168px\u00bb global_colors_info=\u00bb{}\u00bb theme_builder_area=\u00bbpost_content\u00bb][\/et_pb_image][et_pb_text _builder_version=\u00bb4.25.2&#8243; _module_preset=\u00bbf0333e72-037d-45e0-ac71-788a549551b3&#8243; text_orientation=\u00bbcenter\u00bb theme_builder_area=\u00bbpost_content\u00bb]<p>Les oc\u00e9ans couvrent plus de 70% de la surface de la Terre, ce qui en fait l'habitat le plus vaste de la plan\u00e8te.<\/p>[\/et_pb_text][\/et_pb_column][et_pb_column type=\u00bb1_3&#8243; _builder_version=\u00bb4.25.1&#8243; _module_preset=\u00bbdefault\u00bb global_colors_info=\u00bb{}\u00bb theme_builder_area=\u00bbpost_content\u00bb][et_pb_number_counter number=\u00bb500+\u00bb percent_sign=\u00bboff\u00bb _builder_version=\u00bb4.25.2&#8243; _module_preset=\u00bb6599140f-2c69-4d5a-8e86-8935367a5df9&#8243; number_text_color=\u00bb#FFFFFF\u00bb locked=\u00bboff\u00bb global_colors_info=\u00bb{%22gcid-1f1b4e15-7cc6-4e13-8154-74d77a956460%22:%91%22quote_border_color%22,%22link_text_color%22,%22quote_text_color%22,%22quote_border_color%22,%22link_text_color%22,%22quote_text_color%22%93}\u00bb theme_builder_area=\u00bbpost_content\u00bb][\/et_pb_number_counter][et_pb_image src=\u00bbhttp:\/\/cadaquesdivers.com\/wp-content\/uploads\/2024\/08\/non-profit-12.png\u00bb title_text=\u00bbnon-profit-12&#8243; align=\u00bbcenter\u00bb _builder_version=\u00bb4.25.1&#8243; _module_preset=\u00bbdefault\u00bb max_width=\u00bb168px\u00bb locked=\u00bboff\u00bb global_colors_info=\u00bb{}\u00bb theme_builder_area=\u00bbpost_content\u00bb][\/et_pb_image][et_pb_text _builder_version=\u00bb4.25.1&#8243; _module_preset=\u00bbf0333e72-037d-45e0-ac71-788a549551b3&#8243; text_orientation=\u00bbcenter\u00bb theme_builder_area=\u00bbpost_content\u00bb]<p>Les r\u00e9cifs coralliens comptent plus de 500 esp\u00e8ces de coraux, chacune contribuant aux couleurs vives et \u00e0 la biodiversit\u00e9.<\/p>[\/et_pb_text][\/et_pb_column][et_pb_column type=\u00bb1_3&#8243; _builder_version=\u00bb4.25.1&#8243; _module_preset=\u00bbdefault\u00bb global_colors_info=\u00bb{}\u00bb theme_builder_area=\u00bbpost_content\u00bb][et_pb_number_counter number=\u00bb1.5M\u00bb percent_sign=\u00bboff\u00bb _builder_version=\u00bb4.25.2&#8243; _module_preset=\u00bb6599140f-2c69-4d5a-8e86-8935367a5df9&#8243; number_text_color=\u00bbgcid-4c79ba3d-a281-4fb6-9b14-02f9a4c793f2&#8243; locked=\u00bboff\u00bb global_colors_info=\u00bb{%22gcid-1f1b4e15-7cc6-4e13-8154-74d77a956460%22:%91%22quote_border_color%22,%22link_text_color%22,%22quote_text_color%22,%22quote_border_color%22,%22link_text_color%22,%22quote_text_color%22%93,%22gcid-4c79ba3d-a281-4fb6-9b14-02f9a4c793f2%22:%91%22number_text_color%22%93}\u00bb theme_builder_area=\u00bbpost_content\u00bb][\/et_pb_number_counter][et_pb_image src=\u00bbhttp:\/\/cadaquesdivers.com\/wp-content\/uploads\/2024\/08\/non-profit-11.png\u00bb title_text=\u00bbnon-profit-11&#8243; align=\u00bbcenter\u00bb _builder_version=\u00bb4.25.1&#8243; _module_preset=\u00bbdefault\u00bb max_width=\u00bb168px\u00bb locked=\u00bboff\u00bb global_colors_info=\u00bb{}\u00bb theme_builder_area=\u00bbpost_content\u00bb][\/et_pb_image][et_pb_text _builder_version=\u00bb4.25.1&#8243; _module_preset=\u00bbf0333e72-037d-45e0-ac71-788a549551b3&#8243; text_orientation=\u00bbcenter\u00bb theme_builder_area=\u00bbpost_content\u00bb]<p>Les scientifiques estiment que plus de 1,5 million d'esp\u00e8ces restent \u00e0 d\u00e9couvrir dans les profondeurs de l'oc\u00e9an.<\/p>[\/et_pb_text][\/et_pb_column][\/et_pb_row][\/et_pb_section][et_pb_section fb_built=\u00bb1&#8243; admin_label=\u00bbCall to Action\u00bb _builder_version=\u00bb4.25.1&#8243; _module_preset=\u00bb27464058-eefc-4248-a516-2df42878d8be\u00bb use_background_color_gradient=\u00bbon\u00bb background_color_gradient_type=\u00bbcircular\u00bb background_color_gradient_direction_radial=\u00bbtop left\u00bb background_color_gradient_stops=\u00bbgcid-2352d280-fe84-43b1-a71e-f400c35a526a 20%|rgba(255,255,255,0) 100%\u00bb background_color_gradient_overlays_image=\u00bbon\u00bb background_image=\u00bbhttp:\/\/cadaquesdivers.com\/wp-content\/uploads\/2024\/05\/dji_fly_20240228_034000_88_1710330928880_photo-scaled.jpg\u00bb parallax=\u00bbon\u00bb custom_margin=\u00bb||||false\u00bb custom_padding=\u00bb8vw||8vw||true|false\u00bb hover_enabled=\u00bb0&#8243; collapsed=\u00bbon\u00bb global_colors_info=\u00bb{%22gcid-2352d280-fe84-43b1-a71e-f400c35a526a%22:%91%22background_color_gradient_stops%22%93}\u00bb theme_builder_area=\u00bbpost_content\u00bb title_text=\u00bbdefault\u00bb sticky_enabled=\u00bb0&#8243;][et_pb_row column_structure=\u00bb3_4,1_4&#8243; _builder_version=\u00bb4.25.1&#8243; _module_preset=\u00bbdefault\u00bb hover_enabled=\u00bb0&#8243; global_colors_info=\u00bb{}\u00bb theme_builder_area=\u00bbpost_content\u00bb sticky_enabled=\u00bb0&#8243;][et_pb_column type=\u00bb3_4&#8243; _builder_version=\u00bb4.25.1&#8243; _module_preset=\u00bbdefault\u00bb global_colors_info=\u00bb{}\u00bb theme_builder_area=\u00bbpost_content\u00bb][et_pb_heading title=\u00bbEl parque natural del cap de Creus tiene una gran variedad de fauna submarina.\u00bb _builder_version=\u00bb4.25.1&#8243; _module_preset=\u00bb21a14256-5b7d-41c7-8103-6d0f411997b1&#8243; title_text_color=\u00bb#FFFFFF\u00bb hover_enabled=\u00bb0&#8243; global_colors_info=\u00bb{}\u00bb theme_builder_area=\u00bbpost_content\u00bb sticky_enabled=\u00bb0&#8243;][\/et_pb_heading][et_pb_button button_text=\u00bbContactar \u00bb _builder_version=\u00bb4.25.1&#8243; _module_preset=\u00bb905a0961-6ccf-4496-bb9a-63fcb0e8081d\u00bb hover_enabled=\u00bb0&#8243; global_colors_info=\u00bb{}\u00bb theme_builder_area=\u00bbpost_content\u00bb sticky_enabled=\u00bb0&#8243; button_use_icon=\u00bboff\u00bb][\/et_pb_button][\/et_pb_column][et_pb_column type=\u00bb1_4&#8243; _builder_version=\u00bb4.25.1&#8243; _module_preset=\u00bbdefault\u00bb global_colors_info=\u00bb{}\u00bb theme_builder_area=\u00bbpost_content\u00bb][\/et_pb_column][\/et_pb_row][\/et_pb_section][et_pb_section fb_built=\u00bb1&#8243; specialty=\u00bbon\u00bb admin_label=\u00bbHow You Can Help\u00bb _builder_version=\u00bb4.25.1&#8243; _module_preset=\u00bbdefault\u00bb collapsed=\u00bbon\u00bb global_colors_info=\u00bb{}\u00bb theme_builder_area=\u00bbpost_content\u00bb][et_pb_column type=\u00bb1_2&#8243; _builder_version=\u00bb4.16&#8243; _module_preset=\u00bbdefault\u00bb custom_padding=\u00bb|||\u00bb global_colors_info=\u00bb{}\u00bb custom_padding__hover=\u00bb|||\u00bb theme_builder_area=\u00bbpost_content\u00bb][et_pb_heading title=\u00bbSnorkeling &#038; Paddle surfing\u00bb _builder_version=\u00bb4.25.1&#8243; _module_preset=\u00bbc0aa2692-a4bf-4a25-80ac-0710e2e017f4&#8243; title_text_color=\u00bbgcid-1f1b4e15-7cc6-4e13-8154-74d77a956460&#8243; custom_margin=\u00bb||0px||false|false\u00bb hover_enabled=\u00bb0&#8243; locked=\u00bboff\u00bb global_colors_info=\u00bb{%22gcid-1f1b4e15-7cc6-4e13-8154-74d77a956460%22:%91%22title_text_color%22%93}\u00bb theme_builder_area=\u00bbpost_content\u00bb sticky_enabled=\u00bb0&#8243;][\/et_pb_heading][et_pb_heading title=\u00bbOtros servicios\u00bb _builder_version=\u00bb4.25.1&#8243; _module_preset=\u00bbcd843d45-4b93-4195-b5ae-b31276376ac0&#8243; global_colors_info=\u00bb{}\u00bb theme_builder_area=\u00bbpost_content\u00bb][\/et_pb_heading][et_pb_blurb title=\u00bbSnorkel desde 20\u20ac\u00bb _builder_version=\u00bb4.25.1&#8243; _module_preset=\u00bb00c21a25-fb09-4e59-bb87-5e588ba89be8&#8243; header_font=\u00bbUrbanist|&#8211;et_global_heading_font_weight|||||||\u00bb hover_enabled=\u00bb0&#8243; header_font_size_tablet=\u00bb\u00bb header_font_size_phone=\u00bb\u00bb header_font_size_last_edited=\u00bbon|phone\u00bb global_colors_info=\u00bb{%22gcid-1f1b4e15-7cc6-4e13-8154-74d77a956460%22:%91%22icon_color%22%93}\u00bb theme_builder_area=\u00bbpost_content\u00bb sticky_enabled=\u00bb0&#8243;]<p>Louez votre \u00e9quipement pour faire de la plong\u00e9e avec masque et tuba au large de Cadaqu\u00e9s ou plongez dans les eaux du Cap de Creus.<\/p>[\/et_pb_blurb][et_pb_blurb title=\u00bbPaddle Surf desde 25\u20ac\u00bb _builder_version=\u00bb4.25.1&#8243; _module_preset=\u00bb00c21a25-fb09-4e59-bb87-5e588ba89be8&#8243; hover_enabled=\u00bb0&#8243; global_colors_info=\u00bb{}\u00bb theme_builder_area=\u00bbpost_content\u00bb sticky_enabled=\u00bb0&#8243;]<p>Installation de structures de r\u00e9cifs artificiels pour fournir un habitat \u00e0 la vie marine et am\u00e9liorer la r\u00e9silience.<\/p>[\/et_pb_blurb][et_pb_button button_text=\u00bbReservar\u00bb _builder_version=\u00bb4.25.1&#8243; _module_preset=\u00bb905a0961-6ccf-4496-bb9a-63fcb0e8081d\u00bb hover_enabled=\u00bb0&#8243; global_colors_info=\u00bb{}\u00bb theme_builder_area=\u00bbpost_content\u00bb sticky_enabled=\u00bb0&#8243; custom_button=\u00bboff\u00bb][\/et_pb_button][\/et_pb_column][et_pb_column type=\u00bb1_2&#8243; specialty_columns=\u00bb2&#8243; _builder_version=\u00bb4.16&#8243; _module_preset=\u00bbdefault\u00bb custom_padding=\u00bb|||\u00bb global_colors_info=\u00bb{}\u00bb custom_padding__hover=\u00bb|||\u00bb theme_builder_area=\u00bbpost_content\u00bb][et_pb_row_inner column_structure=\u00bb1_2,1_2&#8243; use_custom_gutter=\u00bbon\u00bb gutter_width=\u00bb2&#8243; _builder_version=\u00bb4.25.1&#8243; _module_preset=\u00bbdefault\u00bb global_colors_info=\u00bb{}\u00bb theme_builder_area=\u00bbpost_content\u00bb][et_pb_column_inner type=\u00bb1_2&#8243; saved_specialty_column_type=\u00bb1_2&#8243; _builder_version=\u00bb4.25.1&#8243; _module_preset=\u00bbdefault\u00bb global_colors_info=\u00bb{}\u00bb theme_builder_area=\u00bbpost_content\u00bb][et_pb_image src=\u00bbhttp:\/\/cadaquesdivers.com\/wp-content\/uploads\/2024\/08\/non-profit-10.jpg\u00bb title_text=\u00bbnon-profit-10&#8243; _builder_version=\u00bb4.25.2&#8243; _module_preset=\u00bbd0f400b9-98f2-4f11-a4b7-8d65d9ec4e1a\u00bb global_colors_info=\u00bb{}\u00bb theme_builder_area=\u00bbpost_content\u00bb][\/et_pb_image][et_pb_image src=\u00bbhttp:\/\/cadaquesdivers.com\/wp-content\/uploads\/2024\/08\/non-profit-05.jpg\u00bb title_text=\u00bbnon-profit-05&#8243; _builder_version=\u00bb4.25.2&#8243; _module_preset=\u00bbd0f400b9-98f2-4f11-a4b7-8d65d9ec4e1a\u00bb custom_margin=\u00bb30px||||false|false\u00bb custom_margin_last_edited=\u00bboff|phone\u00bb global_colors_info=\u00bb{}\u00bb theme_builder_area=\u00bbpost_content\u00bb][\/et_pb_image][\/et_pb_column_inner][et_pb_column_inner type=\u00bb1_2&#8243; saved_specialty_column_type=\u00bb1_2&#8243; _builder_version=\u00bb4.25.1&#8243; _module_preset=\u00bbdefault\u00bb global_colors_info=\u00bb{}\u00bb theme_builder_area=\u00bbpost_content\u00bb][et_pb_image src=\u00bbhttp:\/\/cadaquesdivers.com\/wp-content\/uploads\/2024\/08\/non-profit-09.jpg\u00bb title_text=\u00bbnon-profit-09&#8243; _builder_version=\u00bb4.25.2&#8243; _module_preset=\u00bbd0f400b9-98f2-4f11-a4b7-8d65d9ec4e1a\u00bb locked=\u00bboff\u00bb global_colors_info=\u00bb{}\u00bb theme_builder_area=\u00bbpost_content\u00bb][\/et_pb_image][et_pb_image src=\u00bbhttp:\/\/cadaquesdivers.com\/wp-content\/uploads\/2024\/08\/non-profit-04.jpg\u00bb title_text=\u00bbnon-profit-04&#8243; _builder_version=\u00bb4.25.2&#8243; _module_preset=\u00bbd0f400b9-98f2-4f11-a4b7-8d65d9ec4e1a\u00bb custom_margin=\u00bb30px||||false|false\u00bb locked=\u00bboff\u00bb global_colors_info=\u00bb{}\u00bb theme_builder_area=\u00bbpost_content\u00bb][\/et_pb_image][\/et_pb_column_inner][\/et_pb_row_inner][\/et_pb_column][\/et_pb_section]","protected":false},"excerpt":{"rendered":"<p>Our solution provides a wide range of tools, features, and functionalities to help your sales organisation.Our solution provides a wide range of tools, features, and functionalities to help your sales organisation.Our solution provides a wide range of tools, features, and functionalities to help your sales organisation.Over 70% of the Earth&#8217;s surface is covered by oceans, [&hellip;]<\/p>","protected":false},"author":3,"featured_media":0,"parent":0,"menu_order":0,"comment_status":"closed","ping_status":"closed","template":"","meta":{"_et_pb_use_builder":"on","_et_pb_old_content":"","_et_gb_content_width":"","om_disable_all_campaigns":false,"_monsterinsights_skip_tracking":false,"_monsterinsights_sitenote_active":false,"_monsterinsights_sitenote_note":"","_monsterinsights_sitenote_category":0,"_uf_show_specific_survey":0,"_uf_disable_surveys":false,"footnotes":""},"class_list":["post-734","page","type-page","status-publish","hentry"],"_links":{"self":[{"href":"https:\/\/cadaquesdivers.com\/fr\/wp-json\/wp\/v2\/pages\/734","targetHints":{"allow":["GET"]}}],"collection":[{"href":"https:\/\/cadaquesdivers.com\/fr\/wp-json\/wp\/v2\/pages"}],"about":[{"href":"https:\/\/cadaquesdivers.com\/fr\/wp-json\/wp\/v2\/types\/page"}],"author":[{"embeddable":true,"href":"https:\/\/cadaquesdivers.com\/fr\/wp-json\/wp\/v2\/users\/3"}],"replies":[{"embeddable":true,"href":"https:\/\/cadaquesdivers.com\/fr\/wp-json\/wp\/v2\/comments?post=734"}],"version-history":[{"count":17,"href":"https:\/\/cadaquesdivers.com\/fr\/wp-json\/wp\/v2\/pages\/734\/revisions"}],"predecessor-version":[{"id":812,"href":"https:\/\/cadaquesdivers.com\/fr\/wp-json\/wp\/v2\/pages\/734\/revisions\/812"}],"wp:attachment":[{"href":"https:\/\/cadaquesdivers.com\/fr\/wp-json\/wp\/v2\/media?parent=734"}],"curies":[{"name":"wp","href":"https:\/\/api.w.org\/{rel}","templated":true}]}}